{"id":1958,"date":"2017-03-06T13:06:32","date_gmt":"2017-03-06T12:06:32","guid":{"rendered":"http:\/\/www.limos.si\/ciscenje-in-razdlakovanje\/"},"modified":"2019-04-03T08:32:33","modified_gmt":"2019-04-03T06:32:33","slug":"%d1%87%d0%b8%d1%81%d1%82%d0%ba%d0%b0-%d0%b8-%d1%83%d0%b4%d0%b0%d0%bb%d0%b5%d0%bd%d0%b8%d0%b5-%d1%89%d0%b5%d1%82%d0%b8%d0%bd%d1%8b","status":"publish","type":"page","link":"https:\/\/www.limos.si\/ru\/klavne-linije\/%d0%bb%d0%b8%d0%bd%d0%b8%d0%b8-%d1%83%d0%b1%d0%be%d1%8f-%d1%81%d0%b2%d0%b8%d0%bd%d0%b5%d0%b9\/%d1%87%d0%b8%d1%81%d1%82%d0%ba%d0%b0-%d0%b8-%d1%83%d0%b4%d0%b0%d0%bb%d0%b5%d0%bd%d0%b8%d0%b5-%d1%89%d0%b5%d1%82%d0%b8%d0%bd%d1%8b\/","title":{"rendered":"\u041e\u0447\u0438\u0441\u0442\u043a\u0430 \u0438 \u0443\u0434\u0430\u043b\u0435\u043d\u0438\u0435 \u0449\u0435\u0442\u0438\u043d\u044b"},"content":{"rendered":"<div class='av-hotspot-image-container avia_animate_when_almost_visible  av-hotspot-blank   slika2 av-non-fullwidth-hotspot-image '  itemscope=\"itemscope\" itemtype=\"https:\/\/schema.org\/ImageObject\"  ><div class='av-hotspot-container'><div class='av-hotspot-container-inner-cell'><div class='av-hotspot-container-inner-wrap'><div class='av-image-hotspot' data-avia-tooltip-position='top' data-avia-tooltip-alignment='left' data-avia-tooltip-class='av-tt-default-width av-tt-pos-above av-tt-align-left  main_color av-tt-hotspot' data-avia-tooltip='&lt;p style=&quot;text-align: center;&quot;&gt;\u0421\u0438\u0441\u0442\u0435\u043c\u0430 \u0434\u043b\u044f \u0443\u043f\u0440\u0430\u0432\u043b\u0435\u043d\u0438\u044f \u0432\u0441\u0435\u043c\u0438 \u043c\u0430\u0448\u0438\u043d\u0430\u043c\u0438&lt;\/p&gt;\n' style='top: 65.2%; left: 32%; '><div class='av-image-hotspot_inner' style='background-color: #ffc42d; '>1<\/div><div class='av-image-hotspot-pulse' style='background-color:#ffc42d;'><\/div><\/div><div class='av-image-hotspot' data-avia-tooltip-position='top' data-avia-tooltip-alignment='left' data-avia-tooltip-class='av-tt-default-width av-tt-pos-above av-tt-align-left  main_color av-tt-hotspot' data-avia-tooltip='&lt;p style=&quot;text-align: center;&quot;&gt;\u041c\u0430\u0448\u0438\u043d\u0430 \u0434\u043b\u044f \u043e\u0447\u0438\u0441\u0442\u043a\u0438 \u0442\u0443\u0448 \u043f\u043e\u0441\u043b\u0435 \u043e\u0431\u0435\u0441\u043a\u0440\u043e\u0432\u043b\u0438\u0432\u0430\u043d\u0438\u044f&lt;\/p&gt;\n' style='top: 33.6%; left: 34.2%; '><div class='av-image-hotspot_inner' style='background-color: #ffc42d; '>2<\/div><div class='av-image-hotspot-pulse' style='background-color:#ffc42d;'><\/div><\/div><div class='av-image-hotspot' data-avia-tooltip-position='top' data-avia-tooltip-alignment='left' data-avia-tooltip-class='av-tt-default-width av-tt-pos-above av-tt-align-left  main_color av-tt-hotspot' data-avia-tooltip='&lt;p style=&quot;text-align: center;&quot;&gt;\u0421\u043a\u0440\u0435\u0431\u043c\u0430\u0448\u0438\u043d\u0430 \u043e\u0448\u043f\u0430\u0440\u0438\u0432\u0430\u0435\u0442 \u0442\u0443\u0448\u0438 \u0438 \u0443\u0434\u0435\u043b\u044f\u0435\u0442 \u0441 \u043d\u0438\u0445 \u0449\u0435\u0442\u0438\u043d\u0443. \u041c\u043e\u0449\u043d\u043e\u0441\u0442\u044c \u043c\u0430\u0448\u0438\u043d\u044b \u2013 \u0434\u043e 200 \u0433\u043e\u043b\u043e\u0432 \u0432 \u0447\u0430\u0441&lt;\/p&gt;\n' style='top: 44.2%; left: 40.8%; '><div class='av-image-hotspot_inner' style=' '>3<\/div><div class='av-image-hotspot-pulse' ><\/div><\/div><div class='av-image-hotspot' data-avia-tooltip-position='top' data-avia-tooltip-alignment='left' data-avia-tooltip-class='av-tt-default-width av-tt-pos-above av-tt-align-left  main_color av-tt-hotspot' data-avia-tooltip='&lt;p style=&quot;text-align: center;&quot;&gt;\u042d\u043b\u0435\u0432\u0430\u0442\u043e\u0440 \u0434\u043b\u044f \u043f\u043e\u0434\u044a\u0435\u043c\u0430 \u0442\u0443\u0448&lt;\/p&gt;\n' style='top: 50.5%; left: 44.2%; '><div class='av-image-hotspot_inner' style='background-color: #ffc42d; '>4<\/div><div class='av-image-hotspot-pulse' style='background-color:#ffc42d;'><\/div><\/div><div class='av-image-hotspot' data-avia-tooltip-position='top' data-avia-tooltip-alignment='left' data-avia-tooltip-class='av-tt-default-width av-tt-pos-above av-tt-align-left  main_color av-tt-hotspot' data-avia-tooltip='&lt;p style=&quot;text-align: center;&quot;&gt;\u041c\u0430\u0448\u0438\u043d\u0430 \u0434\u043b\u044f \u0441\u0443\u0448\u043a\u0438 \u0442\u0443\u0448 \u043f\u0435\u0440\u0435\u0434 \u043e\u043f\u0430\u043b\u043a\u043e\u0439&lt;\/p&gt;\n' style='top: 43.9%; left: 58.5%; '><div class='av-image-hotspot_inner' style='background-color: #ffc42d; '>5<\/div><div class='av-image-hotspot-pulse' style='background-color:#ffc42d;'><\/div><\/div><div class='av-image-hotspot' data-avia-tooltip-position='top' data-avia-tooltip-alignment='left' data-avia-tooltip-class='av-tt-default-width av-tt-pos-above av-tt-align-left  main_color av-tt-hotspot' data-avia-tooltip='&lt;p style=&quot;text-align: center;&quot;&gt;\u041e\u043f\u0430\u043b\u043e\u0447\u043d\u0430\u044f \u043f\u0435\u0447\u044c \u0434\u043b\u044f \u0443\u0434\u0430\u043b\u0435\u043d\u0438\u044f \u043e\u0441\u0442\u0430\u0442\u043a\u0430 \u0449\u0435\u0442\u0438\u043d\u044b&lt;\/p&gt;\n' style='top: 39.4%; left: 66.9%; '><div class='av-image-hotspot_inner' style='background-color: #ffc42d; '>6<\/div><div class='av-image-hotspot-pulse' style='background-color:#ffc42d;'><\/div><\/div><div class='av-image-hotspot' data-avia-tooltip-position='top' data-avia-tooltip-alignment='left' data-avia-tooltip-class='av-tt-default-width av-tt-pos-above av-tt-align-left  main_color av-tt-hotspot' data-avia-tooltip='&lt;p style=&quot;text-align: center;&quot;&gt;\u041c\u0430\u0448\u0438\u043d\u0430 \u0434\u043b\u044f \u043e\u043a\u043e\u043d\u0447\u0430\u0442\u0435\u043b\u044c\u043d\u043e\u0439 \u043e\u0447\u0438\u0441\u0442\u043a\u0438 \u0442\u0443\u0448&lt;\/p&gt;\n' style='top: 38.3%; left: 76%; '><div class='av-image-hotspot_inner' style=' '>7<\/div><div class='av-image-hotspot-pulse' ><\/div><\/div><img class='avia_image ' src='https:\/\/www.limos.si\/wp-content\/uploads\/2017\/03\/prasicja_slider_3-1.png' alt='' title='prasicja_slider_3 (1)'   itemprop=\"contentURL\"  \/><\/div><\/div><\/div><\/div>\n<\/div><\/div><\/div><!-- close content main div --><\/div><\/div><div id='arrows2' class='avia-section main_color avia-section-no-padding avia-no-border-styling avia-bg-style-scroll   container_wrap fullsize'   ><div class='container' ><div class='template-page content  av-content-full alpha units'><div class='post-entry post-entry-type-page post-entry-1958'><div class='entry-content-wrapper clearfix'>\n<section class=\"av_textblock_section\"  itemscope=\"itemscope\" itemtype=\"https:\/\/schema.org\/CreativeWork\" ><div class='avia_textblock '   itemprop=\"text\" ><div class=\"nazaj_po_liniji2 control_res\"><a href=\"https:\/\/www.limos.si\/ru\/klavne-linije\/%d0%bb%d0%b8%d0%bd%d0%b8%d0%b8-%d1%83%d0%b1%d0%be%d1%8f-%d1%81%d0%b2%d0%b8%d0%bd%d0%b5%d0%b9\/%d0%be%d0%b3%d0%bb%d1%83%d1%88%d0%b5%d0%bd%d0%b8%d0%b5-%d0%b8-%d0%be%d0%b1%d0%b5%d1%81%d0%ba%d1%80%d0%be%d0%b2%d0%bb%d0%b8%d0%b2%d0%b0%d0%bd%d0%b8%d0%b5\/\" class=\"clearfix\"><div class=\"arrow_nazaj\"><\/div><div class=\"nazaj_text\"><p><span>\u041f\u0440\u0435\u0434\u044b\u0434\u0443\u0449\u0438\u0439 \u043a\u043e\u043c\u043f\u043b\u0435\u043a\u0442<\/span><\/p><\/div><\/a><\/div><div class=\"center_po_liniji control_res\"><p style=\"text-align: center;\"><span style=\"color: #ffffff;\">\u041a\u041e\u041c\u041f\u041b\u0415\u041a\u0422 <span class =\"sklop_id\">3<\/span> - \u041e\u0447\u0438\u0441\u0442\u043a\u0430 \u0438 \u0443\u0434\u0430\u043b\u0435\u043d\u0438\u0435 \u0449\u0435\u0442\u0438\u043d\u044b<\/span><\/p><\/div><div class=\"naprej_po_liniji2 control_res\"><a href=\"https:\/\/www.limos.si\/ru\/klavne-linije\/%d0%bb%d0%b8%d0%bd%d0%b8%d0%b8-%d1%83%d0%b1%d0%be%d1%8f-%d1%81%d0%b2%d0%b8%d0%bd%d0%b5%d0%b9\/%d0%be%d0%b1%d1%80%d0%b0%d0%b1%d0%be%d1%82%d0%ba%d0%b0-%d0%bd%d0%b0-%d0%ba%d0%be%d0%bd%d0%b2%d0%b5%d0%b9%d0%b5%d1%80%d0%b5-%d0%be%d0%b1%d1%80%d0%b0%d0%b1%d0%be%d1%82%d0%ba%d0%b8\/\" class=\"clearfix\"><div class=\"arrow_naprej\"><\/div><div class=\"naprej_text\"><p><span>C\u043b\u0435\u0434\u0443\u044e\u0449\u0438\u0439 \u043a\u043e\u043c\u043f\u043b\u0435\u043a\u0442<\/span><\/p><\/div><\/a><\/div>\n<\/div><\/section>\n\n<\/div><\/div><\/div><!-- close content main div --><\/div><\/div><div id='av_section_2' class='avia-section main_color avia-section-default avia-no-border-styling avia-bg-style-scroll  slideshow_stroji container_wrap fullsize'   ><div class='container' ><div class='template-page content  av-content-full alpha units'><div class='post-entry post-entry-type-page post-entry-1958'><div class='entry-content-wrapper clearfix'>\n<section class=\"av_textblock_section\"  itemscope=\"itemscope\" itemtype=\"https:\/\/schema.org\/CreativeWork\" ><div class='avia_textblock slider_linija'   itemprop=\"text\" ><div class=\"slides\"><div class=\"slide\" idslika=\"1\"><div class=\"slid_wrap\"><div class=\"overlay70\"><p> \u0421\u0438\u0441\u0442\u0435\u043c\u0430 \u0434\u043b\u044f \u0443\u043f\u0440\u0430\u0432\u043b\u0435\u043d\u0438\u044f \u0432\u0441\u0435\u043c\u0438 \u043c\u0430\u0448\u0438\u043d\u0430\u043c\u0438 <\/p><\/div><img src= https:\/\/www.limos.si\/wp-content\/uploads\/2017\/03\/Neimenovano.jpg alt=\"\" \/><div class=\"over\"><\/div><\/div><\/div><div class=\"slide\" idslika=\"2\"><div class=\"slid_wrap\"><div class=\"overlay70\"><p> \u041c\u0430\u0448\u0438\u043d\u0430 \u0434\u043b\u044f \u043e\u0447\u0438\u0441\u0442\u043a\u0438 \u0442\u0443\u0448 \u043f\u043e\u0441\u043b\u0435 \u043e\u0431\u0435\u0441\u043a\u0440\u043e\u0432\u043b\u0438\u0432\u0430\u043d\u0438\u044f <\/p><\/div><img src= https:\/\/www.limos.si\/wp-content\/uploads\/2017\/03\/2.Stroj-za-\u010di\u0161\u010denje-trupov-po-izkrvavitvi.jpg alt=\"\" \/><div class=\"over\"><\/div><\/div><\/div><div class=\"slide\" idslika=\"3\"><div class=\"slid_wrap\"><div class=\"overlay70\"><p> \u0421\u043a\u0440\u0435\u0431\u043c\u0430\u0448\u0438\u043d\u0430 <\/p><\/div><img src= https:\/\/www.limos.si\/wp-content\/uploads\/2017\/03\/\u0160ERMA\u0160INA.jpeg alt=\"\" \/><div class=\"over\"><\/div><\/div><\/div><div class=\"slide\" idslika=\"4\"><div class=\"slid_wrap\"><div class=\"overlay70\"><p> \u042d\u043b\u0435\u0432\u0430\u0442\u043e\u0440 \u0434\u043b\u044f \u043f\u043e\u0434\u044a\u0435\u043c\u0430 \u0442\u0443\u0448 <\/p><\/div><img src= https:\/\/www.limos.si\/wp-content\/uploads\/2017\/03\/3.t.jpg alt=\"\" \/><div class=\"over\"><\/div><\/div><\/div><div class=\"slide\" idslika=\"5\"><div class=\"slid_wrap\"><div class=\"overlay70\"><p> \u041c\u0430\u0448\u0438\u043d\u0430 \u0434\u043b\u044f \u0441\u0443\u0448\u043a\u0438 \u0442\u0443\u0448 \u043f\u0435\u0440\u0435\u0434 \u043e\u043f\u0430\u043b\u043a\u043e\u0439 <\/p><\/div><img src= https:\/\/www.limos.si\/wp-content\/uploads\/2017\/03\/Stroj-za-su\u0161enje-in-ob\u017eiganje-trupov.jpg alt=\"\" \/><div class=\"over\"><\/div><\/div><\/div><div class=\"slide\" idslika=\"6\"><div class=\"slid_wrap\"><div class=\"overlay70\"><p> \u041e\u043f\u0430\u043b\u043e\u0447\u043d\u0430\u044f \u043f\u0435\u0447\u044c \u0434\u043b\u044f \u0443\u0434\u0430\u043b\u0435\u043d\u0438\u044f \u043e\u0441\u0442\u0430\u0442\u043a\u0430 \u0449\u0435\u0442\u0438\u043d\u044b <\/p><\/div><img src= https:\/\/www.limos.si\/wp-content\/uploads\/2017\/03\/4.Pe\u010d-za-ob\u017eiganje-trupov-odstrani-ostanke-\u0161\u010detin.jpg alt=\"\" \/><div class=\"over\"><\/div><\/div><\/div><div class=\"slide\" idslika=\"7\"><div class=\"slid_wrap\"><div class=\"overlay70\"><p> \u041c\u0430\u0448\u0438\u043d\u0430 \u0434\u043b\u044f \u043e\u043a\u043e\u043d\u0447\u0430\u0442\u0435\u043b\u044c\u043d\u043e\u0439 \u043e\u0447\u0438\u0441\u0442\u043a\u0438 \u0442\u0443\u0448 <\/p><\/div><img src= https:\/\/www.limos.si\/wp-content\/uploads\/2017\/03\/5.Stroj-za-finalno-\u010di\u0161\u010denje-trupov.jpg alt=\"\" \/><div class=\"over\"><\/div><\/div><\/div><\/div>\n<\/div><\/section>\n\n<\/div><\/div><\/div><!-- close content main div --><\/div><\/div><div id='center_other' class='avia-section alternate_color avia-section-no-padding avia-no-border-styling avia-bg-style-scroll   container_wrap fullsize'   ><div class='container' ><div class='template-page content  av-content-full alpha units'><div class='post-entry post-entry-type-page post-entry-1958'><div class='entry-content-wrapper clearfix'>\n<div class='flex_column_table av-equal-height-column-flextable' ><div class=\"flex_column av_one_half  no_margin flex_column_table_cell av-equal-height-column av-align-top first  polovica \" style='padding:45px 50px 45px 50px ; background-color:#3d3d3d; border-radius:0px; '><section class=\"av_textblock_section\"  itemscope=\"itemscope\" itemtype=\"https:\/\/schema.org\/CreativeWork\" ><div class='avia_textblock '  style='font-size:17px; '  itemprop=\"text\" ><h2><span style=\"color: #ffc42d;\">O\u0427\u0418\u0421\u0422\u041a\u0410 \u0418 \u0423\u0414\u0410\u041b\u0415\u041d\u0418\u0415 \u0429\u0415\u0422\u0418\u041d\u042b <\/span><\/h2>\n<p><span style=\"color: #ffffff;\">\u041f\u0435\u0440\u0435\u0434 \u0441\u0432\u0435\u0436\u0435\u0432\u0430\u043d\u0438\u0435\u043c \u0442\u0443\u0448\u0438 \u043d\u0443\u0436\u043d\u043e \u0442\u0449\u0430\u0442\u0435\u043b\u044c\u043d\u043e \u043e\u0447\u0438\u0441\u0442\u0438\u0442\u044c \u0438 \u0443\u0434\u0430\u043b\u0438\u0442\u044c \u0449\u0435\u0442\u0438\u043d\u0443. \u0421 \u0442\u0435\u0445\u043d\u043e\u043b\u043e\u0433\u0438\u0447\u0435\u0441\u043a\u043e\u0439 \u0442\u043e\u0447\u043a\u0438 \u0437\u0440\u0435\u043d\u0438\u044f \u044d\u0442\u043e \u043e\u043f\u0435\u0440\u0430\u0446\u0438\u0438 \u043a\u043b\u044e\u0447\u0435\u0432\u043e\u0433\u043e \u0437\u043d\u0430\u0447\u0435\u043d\u0438\u044f, \u0442\u0430\u043a \u043a\u0430\u043a \u043d\u0435\u0437\u043d\u0430\u0447\u0438\u0442\u0435\u043b\u044c\u043d\u044b\u0435 \u043e\u0442\u043a\u043b\u043e\u043d\u0435\u043d\u0438\u044f \u0432 \u043f\u0440\u0438\u043c\u0435\u043d\u0435\u043d\u0438\u0438 \u043f\u0440\u043e\u0446\u0435\u0434\u0443\u0440 \u043c\u043e\u0433\u0443\u0442 \u043f\u0440\u0438\u0432\u0435\u0441\u0442\u0438 \u043a \u043f\u043e\u0432\u0440\u0435\u0436\u0434\u0435\u043d\u0438\u044e \u043f\u043e\u0432\u0435\u0440\u0445\u043d\u043e\u0441\u0442\u043d\u043e\u0433\u043e \u0441\u043b\u043e\u044f \u0438\u0437-\u0437\u0430 \u0441\u043b\u0438\u0448\u043a\u043e\u043c \u0433\u0440\u0443\u0431\u043e\u0439 \u043c\u0435\u0445\u0430\u043d\u0438\u0447\u0435\u0441\u043a\u043e\u0439 \u043e\u0431\u0440\u0430\u0431\u043e\u0442\u043a\u0438 \u0438\u043b\u0438 \u043d\u0430 \u0442\u0443\u0448\u0430\u0445 \u043c\u043e\u0433\u0443\u0442 \u043e\u0441\u0442\u0430\u0442\u044c\u0441\u044f \u0449\u0435\u0442\u0438\u043d\u0430 \u0438 \u044d\u043f\u0438\u0434\u0435\u0440\u043c\u0438\u0441.<\/span><\/p>\n<p><span style=\"color: #ffffff;\">\u0427\u0438\u0441\u0442\u043a\u0430 \u0438 \u0443\u0434\u0430\u043b\u0435\u043d\u0438\u0435 \u0449\u0435\u0442\u0438\u043d\u044b \u043e\u0441\u0443\u0449\u0435\u0441\u0442\u0432\u043b\u044f\u0435\u0442\u0441\u044f \u043f\u043e\u0447\u0442\u0438 \u043f\u043e\u043b\u043d\u043e\u0441\u0442\u044c\u044e \u0430\u0432\u0442\u043e\u043c\u0430\u0442\u0438\u0437\u0438\u0440\u043e\u0432\u0430\u043d\u043d\u043e \u0441 \u043f\u043e\u043c\u043e\u0449\u044c\u044e \u0440\u044f\u0434\u0430 \u0443\u0441\u0442\u0440\u043e\u0439\u0441\u0442\u0432: \u0430\u043f\u043f\u0430\u0440\u0430\u0442\u044b \u0434\u043b\u044f \u043e\u0447\u0438\u0441\u0442\u043a\u0438 \u0442\u0443\u0448, \u043e\u0448\u043f\u0430\u0440\u0438\u0432\u0430\u043d\u0438\u044f, \u0443\u0434\u0430\u043b\u0435\u043d\u0438\u044f \u0449\u0435\u0442\u0438\u043d\u044b, \u0441\u0443\u0448\u043a\u0438, \u043e\u043f\u0430\u043b\u043a\u0438 \u0438 \u0430\u043f\u043f\u0430\u0440\u0430\u0442\u044b \u0434\u043b\u044f \u043a\u043e\u043d\u0435\u0447\u043d\u043e\u0439 \u043e\u0447\u0438\u0441\u0442\u043a\u0438 \u0442\u0443\u0448. \u0410\u043f\u043f\u0430\u0440\u0430\u0442\u044b \u0432\u043c\u0435\u0441\u0442\u0435 \u0441 \u043a\u043e\u043d\u0432\u0435\u0439\u0435\u0440\u0430\u043c\u0438 \u043f\u0440\u0435\u0434\u0441\u0442\u0430\u0432\u043b\u044f\u044e\u0442 \u0441\u043e\u0431\u043e\u0439 \u0441\u0438\u043d\u0445\u0440\u043e\u043d\u0438\u0437\u0438\u0440\u043e\u0432\u0430\u043d\u043d\u043e\u0435 \u0446\u0435\u043b\u043e\u0435, \u0447\u0442\u043e \u043e\u0431\u0435\u0441\u043f\u0435\u0447\u0438\u0432\u0430\u0435\u0442 \u043d\u0438\u0437\u043a\u0443\u044e \u0441\u0435\u0431\u0435\u0441\u0442\u043e\u0438\u043c\u043e\u0441\u0442\u044c \u043f\u0440\u043e\u0438\u0437\u0432\u043e\u0434\u0441\u0442\u0432\u0430.<\/span><\/p>\n<p><span style=\"color: #ffffff;\">\u0418\u043d\u0432\u0435\u0441\u0442\u043e\u0440\u0430\u043c \u043c\u044b \u043f\u0440\u0435\u0434\u043b\u0430\u0433\u0430\u0435\u043c \u0432\u043e\u0437\u043c\u043e\u0436\u043d\u043e\u0441\u0442\u044c \u0443\u0441\u0442\u0430\u043d\u043e\u0432\u043a\u0438 \u0448\u043a\u0443\u0440\u043e\u0441\u044a\u0435\u043c\u043d\u043e\u0439 \u043c\u0430\u0448\u0438\u043d\u044b \u0434\u043b\u044f \u0431\u043e\u043b\u044c\u0448\u0438\u0445 \u0441\u0432\u0438\u043d\u0435\u0439, \u043a\u043e\u0442\u043e\u0440\u0430\u044f \u043f\u043e\u0437\u0432\u043e\u043b\u044f\u0435\u0442 \u0438\u0441\u043f\u043e\u043b\u044c\u0437\u043e\u0432\u0430\u043d\u0438\u0435 \u043a\u043e\u0436\u0438 \u0434\u043b\u044f \u0434\u0430\u043b\u044c\u043d\u0435\u0439\u0448\u0435\u0439 \u043e\u0431\u0440\u0430\u0431\u043e\u0442\u043a\u0438.<\/span><\/p>\n<\/div><\/section><\/div><div class=\"flex_column av_one_half  no_margin flex_column_table_cell av-equal-height-column av-align-top   polovica \" style='padding:45px 60px 10px 60px ; background-color:#ebebeb; border-radius:0px; '><section class=\"av_textblock_section\"  itemscope=\"itemscope\" itemtype=\"https:\/\/schema.org\/CreativeWork\" ><div class='avia_textblock LP_text'  style='font-size:17px; '  itemprop=\"text\" ><h2><span style=\"color: #3b3b3b;\">\u041f\u0440\u0435\u0438\u043c\u0443\u0449\u0435\u0441\u0442\u0432\u0430:<\/span><\/h2>\n<ul>\n<li><span style=\"color: #3b3b3b;\">\u0432\u043e\u0437\u043c\u043e\u0436\u043d\u043e\u0441\u0442\u044c \u0432\u044b\u0431\u043e\u0440\u0430 \u0440\u0430\u0437\u043d\u044b\u0445 \u0442\u0435\u0445\u043d\u043e\u043b\u043e\u0433\u0438\u0439 \u043e\u0447\u0438\u0441\u0442\u043a\u0438 \u0442\u0443\u0448,<\/span><\/li>\n<li><span style=\"color: #3b3b3b;\">\u043f\u043e\u0447\u0442\u0438 \u043f\u043e\u043b\u043d\u0430\u044f \u0430\u0432\u0442\u043e\u043c\u0430\u0442\u0438\u0437\u0430\u0446\u0438\u044f \u043f\u0440\u043e\u0446\u0435\u0441\u0441\u043e\u0432,<\/span><\/li>\n<li><span style=\"color: #3b3b3b;\">\u0441\u0438\u043d\u0445\u0440\u043e\u043d\u0438\u0437\u0430\u0446\u0438\u044f \u0430\u043f\u043f\u0430\u0440\u0430\u0442\u0443\u0440\u044b \u043e\u0431\u0435\u0441\u043f\u0435\u0447\u0438\u0432\u0430\u0435\u0442 \u044d\u0444\u0444\u0435\u043a\u0442\u0438\u0432\u043d\u043e\u0435 \u0432\u044b\u043f\u043e\u043b\u043d\u0435\u043d\u0438\u0435 \u043f\u0440\u043e\u0446\u0435\u0441\u0441\u043e\u0432 \u0438 \u043d\u0438\u0437\u043a\u043e\u0435 \u043f\u043e\u0442\u0440\u0435\u0431\u043b\u0435\u043d\u0438\u0435 \u044d\u043d\u0435\u0440\u0433\u0438\u0438,<\/span><\/li>\n<li><span style=\"color: #3b3b3b;\">\u043c\u0438\u043d\u0438\u043c\u0430\u043b\u044c\u043d\u0430\u044f \u0432\u0435\u0440\u043e\u044f\u0442\u043d\u043e\u0441\u0442\u044c \u0437\u0430\u0433\u0440\u044f\u0437\u043d\u0435\u043d\u0438\u044f \u0442\u0443\u0448.<\/span><\/li>\n<\/ul>\n<\/div><\/section><\/div><\/div><!--close column table wrapper. Autoclose:  -->\n\n<\/div><\/div><\/div><!-- close content main div --><\/div><\/div><div id='bottom' class='avia-section main_color avia-section-default avia-no-border-styling avia-bg-style-scroll   av-minimum-height av-minimum-height-custom container_wrap fullsize' style = 'background-color: #364c9d; background-color: #364c9d; '  ><div class='container' style='height:248px'><div class='template-page content  av-content-full alpha units'><div class='post-entry post-entry-type-page post-entry-1958'><div class='entry-content-wrapper clearfix'>\n<div class=\"flex_column av_three_fifth  flex_column_div av-zero-column-padding first   control_res polovica \" style='border-radius:0px; '><section class=\"av_textblock_section\"  itemscope=\"itemscope\" itemtype=\"https:\/\/schema.org\/CreativeWork\" ><div class='avia_textblock bottom_text'   itemprop=\"text\" ><h2 style=\"text-align: right;\"><span style=\"color: #ffffff;\">\u0423 \u0432\u0430\u0441 \u0435\u0441\u0442\u044c \u043a\u043e\u043d\u043a\u0440\u0435\u0442\u043d\u044b\u0435 \u043f\u043e\u0436\u0435\u043b\u0430\u043d\u0438\u044f? \u0412\u0430\u0441 \u0437\u0430\u0438\u043d\u0442\u0435\u0440\u0435\u0441\u043e\u0432\u0430\u043b\u043e \u043f\u0440\u0435\u0434\u043b\u043e\u0436\u0435\u043d\u0438\u0435?<\/span><\/h2>\n<\/div><\/section><\/div><div class=\"flex_column av_two_fifth  flex_column_div av-zero-column-padding   kontaktirajte polovica kontakt_ru \" style='border-width:2px; border-color:#ffc42d; border-style:solid; background-color:rgba(255,196,45,0.01); border-radius:0px; '><section class=\"av_textblock_section\"  itemscope=\"itemscope\" itemtype=\"https:\/\/schema.org\/CreativeWork\" ><div class='avia_textblock  av_inherit_color'  style='font-size:18px; '  itemprop=\"text\" ><p style=\"text-align: center;\"><a href=\"https:\/\/www.limos.si\/ru\/%d0%ba%d0%be%d0%bd%d1%82%d0%b0%d0%ba%d1%82%d1%8b\/\"><strong>\u0421\u0412\u042f\u0416\u0418\u0422\u0415\u0421\u042c \u0421 \u041d\u0410\u041c\u0418<\/strong><\/a><\/p>\n<\/div><\/section><\/div>\n\n","protected":false},"excerpt":{"rendered":"","protected":false},"author":1,"featured_media":1370,"parent":1961,"menu_order":3,"comment_status":"closed","ping_status":"closed","template":"","meta":{"footnotes":"","_links_to":"","_links_to_target":""},"_links":{"self":[{"href":"https:\/\/www.limos.si\/ru\/wp-json\/wp\/v2\/pages\/1958"}],"collection":[{"href":"https:\/\/www.limos.si\/ru\/wp-json\/wp\/v2\/pages"}],"about":[{"href":"https:\/\/www.limos.si\/ru\/wp-json\/wp\/v2\/types\/page"}],"author":[{"embeddable":true,"href":"https:\/\/www.limos.si\/ru\/wp-json\/wp\/v2\/users\/1"}],"replies":[{"embeddable":true,"href":"https:\/\/www.limos.si\/ru\/wp-json\/wp\/v2\/comments?post=1958"}],"version-history":[{"count":15,"href":"https:\/\/www.limos.si\/ru\/wp-json\/wp\/v2\/pages\/1958\/revisions"}],"predecessor-version":[{"id":4528,"href":"https:\/\/www.limos.si\/ru\/wp-json\/wp\/v2\/pages\/1958\/revisions\/4528"}],"up":[{"embeddable":true,"href":"https:\/\/www.limos.si\/ru\/wp-json\/wp\/v2\/pages\/1961"}],"wp:featuredmedia":[{"embeddable":true,"href":"https:\/\/www.limos.si\/ru\/wp-json\/wp\/v2\/media\/1370"}],"wp:attachment":[{"href":"https:\/\/www.limos.si\/ru\/wp-json\/wp\/v2\/media?parent=1958"}],"curies":[{"name":"wp","href":"https:\/\/api.w.org\/{rel}","templated":true}]}}