{"id":1993,"date":"2017-03-06T11:56:19","date_gmt":"2017-03-06T10:56:19","guid":{"rendered":"http:\/\/www.limos.si\/vzorcna-stran\/"},"modified":"2019-04-20T21:03:52","modified_gmt":"2019-04-20T19:03:52","slug":"limos","status":"publish","type":"page","link":"https:\/\/www.limos.si\/en\/","title":{"rendered":"Limos"},"content":{"rendered":"<\/div><\/div><\/div><!-- close content main div --><\/div><\/div><div id='av_section_1' class='avia-section main_color avia-section-no-padding avia-no-border-styling avia-full-stretch avia-bg-style-scroll  respo_index_top av-minimum-height av-minimum-height-custom container_wrap fullsize' style = 'background-repeat: no-repeat; background-image: url(https:\/\/www.limos.si\/wp-content\/uploads\/2017\/03\/index_top2.jpg); background-attachment: scroll; background-position: top left; ' data-section-bg-repeat='stretch' ><div class='container' style='height:790px'><div class='template-page content  av-content-full alpha units'><div class='post-entry post-entry-type-page post-entry-1993'><div class='entry-content-wrapper clearfix'>\n<div class=\"flex_column av_two_third  no_margin flex_column_div first  index_height_top \" style='margin-top:60px; margin-bottom:0px; padding:50px; background-color:rgba(46,52,71,0.75); border-radius:0px; '><section class=\"av_textblock_section\"  itemscope=\"itemscope\" itemtype=\"https:\/\/schema.org\/CreativeWork\" ><div class='avia_textblock header_txt three_same_one'   itemprop=\"text\" ><h1><span style=\"color: #ffffff;\">We have designed and manufacture <\/span><\/h1>\n<\/div><\/section><br \/>\n<section class=\"av_textblock_section\"  itemscope=\"itemscope\" itemtype=\"https:\/\/schema.org\/CreativeWork\" ><div class='avia_textblock header_txt two_same_one'   itemprop=\"text\" ><h1><span style=\"color: #ffffff;\">stainless steel equipment<\/span><\/h1>\n<\/div><\/section><br \/>\n<section class=\"av_textblock_section\"  itemscope=\"itemscope\" itemtype=\"https:\/\/schema.org\/CreativeWork\" ><div class='avia_textblock header_txt four_same_one'   itemprop=\"text\" ><h1><span style=\"color: #ffffff;\">since 1953.<\/span><\/h1>\n<\/div><\/section><br \/>\n<section class=\"av_textblock_section\"  itemscope=\"itemscope\" itemtype=\"https:\/\/schema.org\/CreativeWork\" ><div class='avia_textblock index_txt_align_left_head'   itemprop=\"text\" ><p style=\"text-align: right;\"><a href=\"https:\/\/www.limos.si\/en\/about-us\/\"><span style=\"color: #ffffff;\">GET TO KNOW US<\/span><\/a><\/p>\n<\/div><\/section><br \/>\n<section class=\"av_textblock_section\"  itemscope=\"itemscope\" itemtype=\"https:\/\/schema.org\/CreativeWork\" ><div class='avia_textblock yellow_arrow arrow_animate'   itemprop=\"text\" ><\/div><\/section><\/p><\/div><div class=\"flex_column av_one_full  no_margin flex_column_div av-zero-column-padding first  index_txt_position_bot \" style='background-color:#ffffff; border-radius:0px; '><section class=\"av_textblock_section\"  itemscope=\"itemscope\" itemtype=\"https:\/\/schema.org\/CreativeWork\" ><div class='avia_textblock respo_small_tittle'  style='font-size:24px; '  itemprop=\"text\" ><h3 style=\"text-align: center;\">We are a specialist in slaughter lines<\/h3>\n<\/div><\/section><\/div><\/div><\/div><\/div><!-- close content main div --><\/div><\/div><div id='av_section_2' class='avia-section main_color avia-section-no-padding avia-no-border-styling avia-bg-style-scroll  index_linije container_wrap fullsize'   ><div class='container' ><div class='template-page content  av-content-full alpha units'><div class='post-entry post-entry-type-page post-entry-1993'><div class='entry-content-wrapper clearfix'>\n<div class='flex_column_table av-equal-height-column-flextable' ><div class=\"flex_column av_one_fourth  flex_column_table_cell av-equal-height-column av-align-top first  hover_txt lin_pras \" style='padding:55px 15px 20px 15px ; border-radius:0px; '><p><div class='avia-image-container  av-styling-    avia-align-center '  itemscope=\"itemscope\" itemtype=\"https:\/\/schema.org\/ImageObject\"  ><div class='avia-image-container-inner'><img class='avia_image ' src='https:\/\/www.limos.si\/wp-content\/uploads\/2017\/03\/pig_black.svg' alt='' title='pig_black'   itemprop=\"contentURL\"  \/><\/div><\/div><br \/>\n<section class=\"av_textblock_section\"  itemscope=\"itemscope\" itemtype=\"https:\/\/schema.org\/CreativeWork\" ><div class='avia_textblock index_txt'   itemprop=\"text\" ><h4><\/h4>\n<h4 style=\"text-align: center;\"><\/h4>\n<h6 style=\"text-align: center;\"><span style=\"color: #333399;\">Pig Slaughter Line<\/span><\/h6>\n<p style=\"text-align: center;\">Our experts design and manufacture complete pig slaughter lines with a capacity of up to 200 heads per hour or renovate old slaughter lines by installing new components.<\/p>\n<\/div><\/section><br \/>\n<section class=\"av_textblock_section\"  itemscope=\"itemscope\" itemtype=\"https:\/\/schema.org\/CreativeWork\" ><div class='avia_textblock transparent_arrow arrow_animate'   itemprop=\"text\" ><\/div><\/section><\/p><\/div><div class='av-flex-placeholder'><\/div><div class=\"flex_column av_one_fourth  flex_column_table_cell av-equal-height-column av-align-top   hover_txt lin_gov \" style='padding:55px 15px 20px 15px ; border-radius:0px; '><p><div class='avia-image-container  av-styling-    avia-align-center '  itemscope=\"itemscope\" itemtype=\"https:\/\/schema.org\/ImageObject\"  ><div class='avia-image-container-inner'><img class='avia_image ' src='https:\/\/www.limos.si\/wp-content\/uploads\/2017\/03\/cow_black.svg' alt='' title='cow_black'   itemprop=\"contentURL\"  \/><\/div><\/div><br \/>\n<section class=\"av_textblock_section\"  itemscope=\"itemscope\" itemtype=\"https:\/\/schema.org\/CreativeWork\" ><div class='avia_textblock index_txt'   itemprop=\"text\" ><h4><\/h4>\n<h4><\/h4>\n<h4 style=\"text-align: center;\"><\/h4>\n<h6 style=\"text-align: center;\"><span style=\"color: #333399;\">Cattle Slaughter Lines<\/span><\/h6>\n<p style=\"text-align: center;\">Our experts design and manufacture complete cattle slaughter lines with a capacity of up to 70 heads per hour or renovate old slaughter lines by installing new components.<\/p>\n<\/div><\/section><br \/>\n<section class=\"av_textblock_section\"  itemscope=\"itemscope\" itemtype=\"https:\/\/schema.org\/CreativeWork\" ><div class='avia_textblock transparent_arrow arrow_animate'   itemprop=\"text\" ><\/div><\/section><\/p><\/div><div class='av-flex-placeholder'><\/div><div class=\"flex_column av_one_fourth  flex_column_table_cell av-equal-height-column av-align-top   hover_txt lin_drob \" style='padding:55px 15px 20px 15px ; border-radius:0px; '><p><div class='avia-image-container  av-styling-    avia-align-center '  itemscope=\"itemscope\" itemtype=\"https:\/\/schema.org\/ImageObject\"  ><div class='avia-image-container-inner'><img class='avia_image ' src='https:\/\/www.limos.si\/wp-content\/uploads\/2017\/03\/goat_black.svg' alt='' title='goat_black'   itemprop=\"contentURL\"  \/><\/div><\/div><br \/>\n<section class=\"av_textblock_section\"  itemscope=\"itemscope\" itemtype=\"https:\/\/schema.org\/CreativeWork\" ><div class='avia_textblock index_txt'   itemprop=\"text\" ><h4><\/h4>\n<h4 style=\"text-align: center;\"><\/h4>\n<h6 style=\"text-align: center;\"><span style=\"color: #333399;\">Sheep Slaughter Lines<\/span><\/h6>\n<p style=\"text-align: center;\">Our experts design and manufacture complete sheep slaughter lines with a capacity of up to 200 heads per hour or renovate old slaughter lines by installing new components.<\/p>\n<\/div><\/section><br \/>\n<section class=\"av_textblock_section\"  itemscope=\"itemscope\" itemtype=\"https:\/\/schema.org\/CreativeWork\" ><div class='avia_textblock transparent_arrow arrow_animate'   itemprop=\"text\" ><\/div><\/section><\/p><\/div><div class='av-flex-placeholder'><\/div><div class=\"flex_column av_one_fourth  flex_column_table_cell av-equal-height-column av-align-top   hover_txt lin_kombo \" style='padding:55px 15px 20px 15px ; border-radius:0px; '><p><div class='avia-image-container  av-styling-    avia-align-center '  itemscope=\"itemscope\" itemtype=\"https:\/\/schema.org\/ImageObject\"  ><div class='avia-image-container-inner'><img class='avia_image ' src='https:\/\/www.limos.si\/wp-content\/uploads\/2017\/03\/kombinirane_linije.svg' alt='' title='kombinirane_linije'   itemprop=\"contentURL\"  \/><\/div><\/div><br \/>\n<section class=\"av_textblock_section\"  itemscope=\"itemscope\" itemtype=\"https:\/\/schema.org\/CreativeWork\" ><div class='avia_textblock index_txt'   itemprop=\"text\" ><h4><\/h4>\n<h4 style=\"text-align: center;\"><\/h4>\n<h6 style=\"text-align: center;\"><span style=\"color: #333399;\">Combined Slaughter Lines<\/span><\/h6>\n<p style=\"text-align: center;\">We design and manufacture combined slaughter lines, which enable the slaughtering and processing of two or more types of animals. The main advantage of such slaughter lines is that some of the processes are performed using the same equipment.<\/p>\n<\/div><\/section><br \/>\n<section class=\"av_textblock_section\"  itemscope=\"itemscope\" itemtype=\"https:\/\/schema.org\/CreativeWork\" ><div class='avia_textblock transparent_arrow arrow_animate'   itemprop=\"text\" ><\/div><\/section><\/p><\/div><\/div><!--close column table wrapper. Autoclose:  -->\n<\/p>\n<\/div><\/div><\/div><!-- close content main div --><\/div><\/div><div id='av-layout-grid-1' class='av-layout-grid-container entry-content-wrapper main_color av-flex-cells  grid_padd_bot container_wrap fullsize'   >\n<div class=\"flex_cell no_margin av_two_fifth    avia-full-stretch av-hide-on-mobile  \" style='background-image:url(https:\/\/www.limos.si\/wp-content\/uploads\/2017\/03\/limos_cube.png); background-position:top left; background-repeat:no-repeat; background-attachment:scroll; vertical-align:top; padding:30px; '><div class='flex_cell_inner' ><section class=\"av_textblock_section\"  itemscope=\"itemscope\" itemtype=\"https:\/\/schema.org\/CreativeWork\" ><div class='avia_textblock header_txt index_txt_position_right_bot'   itemprop=\"text\" ><h5 style=\"text-align: right;\"><span style=\"color: #ffffff;\">We offer a complete service and look for solutions that are adapted to the needs of our customers.<\/span><\/h5>\n<\/div><\/section>\n<\/div><\/div><div class=\"flex_cell no_margin av_three_fifth  respo_svet  \" style='vertical-align:top; padding:70px 0px 70px 0px ; background-color:#ebebeb; '><div class='flex_cell_inner' ><p><div class='avia-image-container avia_animated_image avia_animate_when_almost_visible bottom-to-top av-styling-   index_img_left avia-align- '  itemscope=\"itemscope\" itemtype=\"https:\/\/schema.org\/ImageObject\"  ><div class='avia-image-container-inner'><img class='avia_image ' src='https:\/\/www.limos.si\/wp-content\/uploads\/2017\/03\/svetujemo.svg' alt='' title='svetujemo'   itemprop=\"contentURL\"  \/><\/div><\/div><br \/>\n<section class=\"av_textblock_section\"  itemscope=\"itemscope\" itemtype=\"https:\/\/schema.org\/CreativeWork\" ><div class='avia_textblock index_txt index_txt_align_right'   itemprop=\"text\" ><h6>Consult with Us<\/h6>\n<p>Consult with us about the optimal slaughter process and choosing the best technology.<\/p>\n<\/div><\/section><br \/>\n<div class='avia-image-container avia_animated_image avia_animate_when_almost_visible bottom-to-top av-styling-   index_img_left avia-align- '  itemscope=\"itemscope\" itemtype=\"https:\/\/schema.org\/ImageObject\"  ><div class='avia-image-container-inner'><img class='avia_image ' src='https:\/\/www.limos.si\/wp-content\/uploads\/2017\/03\/projektiramo.svg' alt='' title='projektiramo'   itemprop=\"contentURL\"  \/><\/div><\/div><br \/>\n<section class=\"av_textblock_section\"  itemscope=\"itemscope\" itemtype=\"https:\/\/schema.org\/CreativeWork\" ><div class='avia_textblock index_txt index_txt_align_right'   itemprop=\"text\" ><h6>Design and Manufacture<\/h6>\n<p>We design and manufacture projects in accordance with the customer\u2019s wishes.<\/p>\n<\/div><\/section><br \/>\n<div class='avia-image-container avia_animated_image avia_animate_when_almost_visible bottom-to-top av-styling-   index_img_left avia-align- '  itemscope=\"itemscope\" itemtype=\"https:\/\/schema.org\/ImageObject\"  ><div class='avia-image-container-inner'><img class='avia_image ' src='https:\/\/www.limos.si\/wp-content\/uploads\/2017\/03\/vgradimo.svg' alt='' title='vgradimo'   itemprop=\"contentURL\"  \/><\/div><\/div><br \/>\n<section class=\"av_textblock_section\"  itemscope=\"itemscope\" itemtype=\"https:\/\/schema.org\/CreativeWork\" ><div class='avia_textblock index_txt index_txt_align_right'   itemprop=\"text\" ><h6>Installation<\/h6>\n<p>We install and start the slaughter lines.<\/p>\n<\/div><\/section><br \/>\n<div class='avia-image-container avia_animated_image avia_animate_when_almost_visible bottom-to-top av-styling-   index_img_left avia-align- '  itemscope=\"itemscope\" itemtype=\"https:\/\/schema.org\/ImageObject\"  ><div class='avia-image-container-inner'><img class='avia_image ' src='https:\/\/www.limos.si\/wp-content\/uploads\/2017\/03\/garantiramo.svg' alt='' title='garantiramo'   itemprop=\"contentURL\"  \/><\/div><\/div><br \/>\n<section class=\"av_textblock_section\"  itemscope=\"itemscope\" itemtype=\"https:\/\/schema.org\/CreativeWork\" ><div class='avia_textblock index_txt index_txt_align_right_last'   itemprop=\"text\" ><h6>Warranty<\/h6>\n<p>Warranties, spare parts and technical support are offered for all our products.<\/p>\n<\/div><\/section><\/p>\n<\/div><\/div>\n<\/div>\n<\/div><\/div><\/div><!-- close content main div --><\/div><\/div><div id='av_section_3' class='avia-section main_color avia-section-no-padding avia-no-border-styling avia-bg-style-scroll  positions_cube container_wrap fullsize'   ><div class='container' ><div class='template-page content  av-content-full alpha units'><div class='post-entry post-entry-type-page post-entry-1993'><div class='entry-content-wrapper clearfix'>\n<div class='flex_column_table av-equal-height-column-flextable' ><div class=\"flex_column av_one_half  avia-full-contain no_margin flex_column_table_cell av-equal-height-column av-align-top av-zero-column-padding first  respo_cube respo_marg position_one \" style='border-radius:0px; '><div class='avia-image-container  av-styling-no-styling   full_width avia-align-left '  itemscope=\"itemscope\" itemtype=\"https:\/\/schema.org\/ImageObject\"  ><div class='avia-image-container-inner'><img class='avia_image ' src='https:\/\/www.limos.si\/wp-content\/uploads\/2017\/11\/Stroj-za-praznjenje-in-\u010di\u0161\u010denje-\u017eelodcev-prva-stran-\u010cB.jpg' alt='' title='Stroj za praznjenje in \u010di\u0161\u010denje \u017eelodcev-prva stran \u010cB'   itemprop=\"contentURL\"  \/><\/div><\/div><\/div><div class=\"flex_column av_one_half  no_margin flex_column_table_cell av-equal-height-column av-align-top av-zero-column-padding   respo_cube respo_height_txt position_two \" style='background-color:#e1e1e1; border-radius:0px; '><section class=\"av_textblock_section\"  itemscope=\"itemscope\" itemtype=\"https:\/\/schema.org\/CreativeWork\" ><div class='avia_textblock index_txt index_padd padd_en'   itemprop=\"text\" ><h6>At Limos, we also manufacture custom-made machines.<\/h6>\n<p>When it comes to machine manufacturing, we design a solution, based on our analysis of the problem and customer\u2019s wishes and needs. We manufacture various types of conveyor belts, roller tracks and custom-made machine and devices. At Limos, we offer to design, manufacture and install the machines ourselves.<\/p>\n<\/div><\/section><br \/>\n<section class=\"av_textblock_section\"  itemscope=\"itemscope\" itemtype=\"https:\/\/schema.org\/CreativeWork\" ><div class='avia_textblock index_txt_align_left'   itemprop=\"text\" ><p style=\"text-align: right;\"><a href=\"http:\/\/www.limos.si\/strojegradnja\/strojna-oprema\/\">TAKE A LOOK AT OUR OFFER<\/a><\/p>\n<\/div><\/section><br \/>\n<section class=\"av_textblock_section\"  itemscope=\"itemscope\" itemtype=\"https:\/\/schema.org\/CreativeWork\" ><div class='avia_textblock index_img_right arrow_animate stroj_link'   itemprop=\"text\" ><\/div><\/section><\/p><\/div><\/div><!--close column table wrapper. Autoclose:  -->\n\n<\/div><\/div><\/div><!-- close content main div --><\/div><\/div><div id='bottom' class='avia-section main_color avia-section-default avia-no-border-styling avia-bg-style-scroll  respo_bott_blue av-minimum-height av-minimum-height-custom container_wrap fullsize' style = 'background-color: #364c9d; background-color: #364c9d; '  ><div class='container' style='height:280px'><div class='template-page content  av-content-full alpha units'><div class='post-entry post-entry-type-page post-entry-1993'><div class='entry-content-wrapper clearfix'>\n<div class=\"flex_column av_three_fifth  flex_column_div av-zero-column-padding first  polovica \" style='border-radius:0px; '><section class=\"av_textblock_section\"  itemscope=\"itemscope\" itemtype=\"https:\/\/schema.org\/CreativeWork\" ><div class='avia_textblock bottom_text'   itemprop=\"text\" ><h2 style=\"text-align: right;\"><span style=\"color: #ffffff;\">Do you have any specific requests? Want to know more about our offer?<\/span><\/h2>\n<\/div><\/section><\/div><div class=\"flex_column av_two_fifth  flex_column_div av-zero-column-padding   kontaktirajte polovica kontakt_en \" style='border-width:2px; border-color:#ffc42d; border-style:solid; background-color:rgba(255,196,45,0.01); border-radius:0px; '><section class=\"av_textblock_section\"  itemscope=\"itemscope\" itemtype=\"https:\/\/schema.org\/CreativeWork\" ><div class='avia_textblock  av_inherit_color'  style='font-size:18px; '  itemprop=\"text\" ><p style=\"text-align: center;\"><strong><a href=\"https:\/\/www.limos.si\/en\/contact\/\">CONTACT US<\/a><\/strong><\/p>\n<\/div><\/section><\/div>\n\n<\/div><\/div><\/div><!-- close content main div --><\/div><\/div><div id='av_section_5' class='avia-section main_color avia-section-large avia-no-border-styling avia-bg-style-scroll  respo_index_all_stranke container_wrap fullsize'   ><div class='container' ><div class='template-page content  av-content-full alpha units'><div class='post-entry post-entry-type-page post-entry-1993'><div class='entry-content-wrapper clearfix'>\n<div class=\"flex_column av_one_full  flex_column_div first  respo_index_stranke \" style='padding:0px 0px 50px 0px ; border-radius:0px; '><section class=\"av_textblock_section\"  itemscope=\"itemscope\" itemtype=\"https:\/\/schema.org\/CreativeWork\" ><div class='avia_textblock index_txt'   itemprop=\"text\" ><h5 style=\"text-align: center;\">Numerous clients trust our services<\/h5>\n<\/div><\/section><\/div><div class='flex_column_table av-equal-height-column-flextable' ><div class=\"flex_column av_one_fifth  flex_column_table_cell av-equal-height-column av-align-middle av-zero-column-padding first   \" style='border-radius:0px; '><div class='avia-image-container  av-styling-   grayscale_img avia-align-center '  itemscope=\"itemscope\" itemtype=\"https:\/\/schema.org\/ImageObject\"  ><div class='avia-image-container-inner'><a href='http:\/\/www.mesaranton.si\/' class='avia_image'   target=\"_blank\" ><img class='avia_image ' src='https:\/\/www.limos.si\/wp-content\/uploads\/2017\/03\/logo1_meso.png' alt='' title='logo1_meso'  itemprop=\"contentURL\"  \/><\/a><\/div><\/div><\/div><div class='av-flex-placeholder'><\/div><div class=\"flex_column av_one_fifth  flex_column_table_cell av-equal-height-column av-align-middle av-zero-column-padding    \" style='border-radius:0px; '><div class='avia-image-container  av-styling-   grayscale_img avia-align-center '  itemscope=\"itemscope\" itemtype=\"https:\/\/schema.org\/ImageObject\"  ><div class='avia-image-container-inner'><a href='http:\/\/www.celjske-mesnine.si\/' class='avia_image'   target=\"_blank\" ><img class='avia_image ' src='https:\/\/www.limos.si\/wp-content\/uploads\/2017\/03\/logo2.png' alt='' title='logo2'  itemprop=\"contentURL\"  \/><\/a><\/div><\/div><\/div><div class='av-flex-placeholder'><\/div><div class=\"flex_column av_one_fifth  flex_column_table_cell av-equal-height-column av-align-middle av-zero-column-padding    \" style='border-radius:0px; '><div class='avia-image-container  av-styling-   grayscale_img avia-align-center '  itemscope=\"itemscope\" itemtype=\"https:\/\/schema.org\/ImageObject\"  ><div class='avia-image-container-inner'><a href='http:\/\/www.sibagrogroup.ru\/' class='avia_image'   target=\"_blank\" ><img class='avia_image ' src='https:\/\/www.limos.si\/wp-content\/uploads\/2017\/03\/logo3.png' alt='' title='logo3'  itemprop=\"contentURL\"  \/><\/a><\/div><\/div><\/div><div class='av-flex-placeholder'><\/div><div class=\"flex_column av_one_fifth  flex_column_table_cell av-equal-height-column av-align-middle av-zero-column-padding    \" style='border-radius:0px; '><div class='avia-image-container  av-styling-   grayscale_img avia-align-center '  itemscope=\"itemscope\" itemtype=\"https:\/\/schema.org\/ImageObject\"  ><div class='avia-image-container-inner'><a href='http:\/\/www.sluckmeat.by\/' class='avia_image'   target=\"_blank\" ><img class='avia_image ' src='https:\/\/www.limos.si\/wp-content\/uploads\/2017\/03\/logo4.png' alt='' title='logo4'  itemprop=\"contentURL\"  \/><\/a><\/div><\/div><\/div><div class='av-flex-placeholder'><\/div><div class=\"flex_column av_one_fifth  flex_column_table_cell av-equal-height-column av-align-middle av-zero-column-padding    \" style='border-radius:0px; '><p><section class=\"av_textblock_section\"  itemscope=\"itemscope\" itemtype=\"https:\/\/schema.org\/CreativeWork\" ><div class='avia_textblock index_txt_align_left_ref left_ref_en'   itemprop=\"text\" ><p><a href=\"https:\/\/www.limos.si\/en\/references\/\">MORE REFERENCES<\/a><\/p>\n<\/div><\/section><br \/>\n<section class=\"av_textblock_section\"  itemscope=\"itemscope\" itemtype=\"https:\/\/schema.org\/CreativeWork\" ><div class='avia_textblock blue_arrow arrow_animate blue_arrow_en'   itemprop=\"text\" ><\/div><\/section><\/p><\/div><\/div><!--close column table wrapper. Autoclose:  -->\n\n","protected":false},"excerpt":{"rendered":"","protected":false},"author":1,"featured_media":0,"parent":0,"menu_order":2,"comment_status":"closed","ping_status":"open","template":"","meta":{"footnotes":"","_links_to":"","_links_to_target":""},"_links":{"self":[{"href":"https:\/\/www.limos.si\/en\/wp-json\/wp\/v2\/pages\/1993"}],"collection":[{"href":"https:\/\/www.limos.si\/en\/wp-json\/wp\/v2\/pages"}],"about":[{"href":"https:\/\/www.limos.si\/en\/wp-json\/wp\/v2\/types\/page"}],"author":[{"embeddable":true,"href":"https:\/\/www.limos.si\/en\/wp-json\/wp\/v2\/users\/1"}],"replies":[{"embeddable":true,"href":"https:\/\/www.limos.si\/en\/wp-json\/wp\/v2\/comments?post=1993"}],"version-history":[{"count":15,"href":"https:\/\/www.limos.si\/en\/wp-json\/wp\/v2\/pages\/1993\/revisions"}],"predecessor-version":[{"id":4558,"href":"https:\/\/www.limos.si\/en\/wp-json\/wp\/v2\/pages\/1993\/revisions\/4558"}],"wp:attachment":[{"href":"https:\/\/www.limos.si\/en\/wp-json\/wp\/v2\/media?parent=1993"}],"curies":[{"name":"wp","href":"https:\/\/api.w.org\/{rel}","templated":true}]}}