{"id":1965,"date":"2017-03-06T13:06:48","date_gmt":"2017-03-06T12:06:48","guid":{"rendered":"http:\/\/www.limos.si\/linija-za-prasice\/obdelava-na-obdelovalnem-transporterju\/"},"modified":"2019-03-29T12:40:43","modified_gmt":"2019-03-29T11:40:43","slug":"meat-processing-on-the-processing-conveyors","status":"publish","type":"page","link":"https:\/\/www.limos.si\/en\/slaughter-lines\/pig-slughter-lines\/meat-processing-on-the-processing-conveyors\/","title":{"rendered":"Meat processing conveyor"},"content":{"rendered":"<div class='av-hotspot-image-container avia_animate_when_almost_visible  av-hotspot-blank   slika2 av-non-fullwidth-hotspot-image '  itemscope=\"itemscope\" itemtype=\"https:\/\/schema.org\/ImageObject\"  ><div class='av-hotspot-container'><div class='av-hotspot-container-inner-cell'><div class='av-hotspot-container-inner-wrap'><div class='av-image-hotspot' data-avia-tooltip-position='top' data-avia-tooltip-alignment='left' data-avia-tooltip-class='av-tt-default-width av-tt-pos-above av-tt-align-left  main_color av-tt-hotspot' data-avia-tooltip='&lt;p style=&quot;text-align: center;&quot;&gt;Working platform for rectum removal&lt;\/p&gt;\n' style='top: 35.3%; left: 40.6%; '><div class='av-image-hotspot_inner' style='background-color: #ffc42d; '>1<\/div><div class='av-image-hotspot-pulse' style='background-color:#ffc42d;'><\/div><\/div><div class='av-image-hotspot' data-avia-tooltip-position='top' data-avia-tooltip-alignment='left' data-avia-tooltip-class='av-tt-default-width av-tt-pos-above av-tt-align-left  main_color av-tt-hotspot' data-avia-tooltip='&lt;p style=&quot;text-align: center;&quot;&gt;Organ container steriliser&lt;\/p&gt;\n' style='top: 46.5%; left: 46.1%; '><div class='av-image-hotspot_inner' style='background-color: #ffc42d; '>2<\/div><div class='av-image-hotspot-pulse' style='background-color:#ffc42d;'><\/div><\/div><div class='av-image-hotspot' data-avia-tooltip-position='top' data-avia-tooltip-alignment='left' data-avia-tooltip-class='av-tt-default-width av-tt-pos-above av-tt-align-left  main_color av-tt-hotspot' data-avia-tooltip='&lt;p style=&quot;text-align: center;&quot;&gt;Guts processing equipment&lt;\/p&gt;\n' style='top: 55.1%; left: 55%; '><div class='av-image-hotspot_inner' style='background-color: #ffc42d; '>3<\/div><div class='av-image-hotspot-pulse' style='background-color:#ffc42d;'><\/div><\/div><div class='av-image-hotspot' data-avia-tooltip-position='top' data-avia-tooltip-alignment='left' data-avia-tooltip-class='av-tt-default-width av-tt-pos-above av-tt-align-left  main_color av-tt-hotspot' data-avia-tooltip='&lt;p style=&quot;text-align: center;&quot;&gt;Guts cleaning machine&lt;\/p&gt;\n' style='top: 67.4%; left: 59.7%; '><div class='av-image-hotspot_inner' style='background-color: #ffc42d; '>4<\/div><div class='av-image-hotspot-pulse' style='background-color:#ffc42d;'><\/div><\/div><div class='av-image-hotspot' data-avia-tooltip-position='top' data-avia-tooltip-alignment='left' data-avia-tooltip-class='av-tt-default-width av-tt-pos-above av-tt-align-left  main_color av-tt-hotspot' data-avia-tooltip='&lt;p style=&quot;text-align: center;&quot;&gt;Machine for emptying and cleaning stomachs&lt;\/p&gt;\n' style='top: 55.2%; left: 66.7%; '><div class='av-image-hotspot_inner' style='background-color: #ffc42d; '>5<\/div><div class='av-image-hotspot-pulse' style='background-color:#ffc42d;'><\/div><\/div><div class='av-image-hotspot' data-avia-tooltip-position='top' data-avia-tooltip-alignment='left' data-avia-tooltip-class='av-tt-default-width av-tt-pos-above av-tt-align-left  main_color av-tt-hotspot' data-avia-tooltip='&lt;p style=&quot;text-align: center;&quot;&gt;Pig processing line&lt;\/p&gt;\n' style='top: 43.9%; left: 73%; '><div class='av-image-hotspot_inner' style='background-color: #ffc42d; '>6<\/div><div class='av-image-hotspot-pulse' style='background-color:#ffc42d;'><\/div><\/div><div class='av-image-hotspot' data-avia-tooltip-position='top' data-avia-tooltip-alignment='left' data-avia-tooltip-class='av-tt-default-width av-tt-pos-above av-tt-align-left  main_color av-tt-hotspot' data-avia-tooltip='&lt;p style=&quot;text-align: center;&quot;&gt;Carcass cutting saw&lt;\/p&gt;\n' style='top: 24.8%; left: 55.8%; '><div class='av-image-hotspot_inner' style=' '>7<\/div><div class='av-image-hotspot-pulse' ><\/div><\/div><div class='av-image-hotspot' data-avia-tooltip-position='top' data-avia-tooltip-alignment='left' data-avia-tooltip-class='av-tt-default-width av-tt-pos-above av-tt-align-left  main_color av-tt-hotspot' data-avia-tooltip='&lt;p style=&quot;text-align: center;&quot;&gt;Working platform&lt;\/p&gt;\n' style='top: 49%; left: 76.6%; '><div class='av-image-hotspot_inner' style=' '>8<\/div><div class='av-image-hotspot-pulse' ><\/div><\/div><img class='avia_image ' src='https:\/\/www.limos.si\/wp-content\/uploads\/2017\/03\/prasicja_slider_4-1.png' alt='' title='prasicja_slider_4 (1)'   itemprop=\"contentURL\"  \/><\/div><\/div><\/div><\/div>\n<\/div><\/div><\/div><!-- close content main div --><\/div><\/div><div id='arrows2' class='avia-section main_color avia-section-no-padding avia-no-border-styling avia-bg-style-scroll   container_wrap fullsize'   ><div class='container' ><div class='template-page content  av-content-full alpha units'><div class='post-entry post-entry-type-page post-entry-1965'><div class='entry-content-wrapper clearfix'>\n<section class=\"av_textblock_section\"  itemscope=\"itemscope\" itemtype=\"https:\/\/schema.org\/CreativeWork\" ><div class='avia_textblock '   itemprop=\"text\" ><div class=\"nazaj_po_liniji2 control_res\"><a href=\"https:\/\/www.limos.si\/en\/slaughter-lines\/pig-slughter-lines\/cleaning-and-dehiding\/\" class=\"clearfix\"><div class=\"arrow_nazaj\"><\/div><div class=\"nazaj_text\"><p><span>Previous Part<\/span><\/p><\/div><\/a><\/div><div class=\"center_po_liniji control_res\"><p style=\"text-align: center;\"><span style=\"color: #ffffff;\">PART <span class =\"sklop_id\">4<\/span> - Meat processing conveyor<\/span><\/p><\/div><div class=\"naprej_po_liniji2 control_res\"><a href=\"https:\/\/www.limos.si\/en\/slaughter-lines\/pig-slughter-lines\/cooling-rooms\/\" class=\"clearfix\"><div class=\"arrow_naprej\"><\/div><div class=\"naprej_text\"><p><span>Next Part<\/span><\/p><\/div><\/a><\/div>\n<\/div><\/section>\n\n<\/div><\/div><\/div><!-- close content main div --><\/div><\/div><div id='av_section_2' class='avia-section main_color avia-section-default avia-no-border-styling avia-bg-style-scroll  slideshow_stroji container_wrap fullsize'   ><div class='container' ><div class='template-page content  av-content-full alpha units'><div class='post-entry post-entry-type-page post-entry-1965'><div class='entry-content-wrapper clearfix'>\n<section class=\"av_textblock_section\"  itemscope=\"itemscope\" itemtype=\"https:\/\/schema.org\/CreativeWork\" ><div class='avia_textblock slider_linija'   itemprop=\"text\" ><div class=\"slides\"><div class=\"slide\" idslika=\"1\"><div class=\"slid_wrap\"><div class=\"overlay70\"><p> Working platform for rectum removal <\/p><\/div><img src= https:\/\/www.limos.si\/wp-content\/uploads\/2017\/03\/1.Podest-za-odstranjevanje-rektuma.jpg alt=\"\" \/><div class=\"over\"><\/div><\/div><\/div><div class=\"slide\" idslika=\"2\"><div class=\"slid_wrap\"><div class=\"overlay70\"><p> Organ container steriliser <\/p><\/div><img src= https:\/\/www.limos.si\/wp-content\/uploads\/2017\/03\/2.Strerilizator-posod-za-transport-organov.jpg alt=\"\" \/><div class=\"over\"><\/div><\/div><\/div><div class=\"slide\" idslika=\"3\"><div class=\"slid_wrap\"><div class=\"overlay70\"><p> Guts processing equipment <\/p><\/div><img src= https:\/\/www.limos.si\/wp-content\/uploads\/2017\/03\/3.Oprema-za-obdelavo-\u010drev.jpg alt=\"\" \/><div class=\"over\"><\/div><\/div><\/div><div class=\"slide\" idslika=\"4\"><div class=\"slid_wrap\"><div class=\"overlay70\"><p> Guts cleaning machine <\/p><\/div><img src= https:\/\/www.limos.si\/wp-content\/uploads\/2017\/03\/4.Stroj-za-\u010di\u0161\u010denje-\u010drev.jpg alt=\"\" \/><div class=\"over\"><\/div><\/div><\/div><div class=\"slide\" idslika=\"5\"><div class=\"slid_wrap\"><div class=\"overlay70\"><p> Machine for emptying and cleaning stomachs <\/p><\/div><img src= https:\/\/www.limos.si\/wp-content\/uploads\/2017\/09\/Stroj-za-\u010di\u0161\u010denje-\u010drev.jpg alt=\"\" \/><div class=\"over\"><\/div><\/div><\/div><div class=\"slide\" idslika=\"6\"><div class=\"slid_wrap\"><div class=\"overlay70\"><p> Line for pig processing <\/p><\/div><img src= https:\/\/www.limos.si\/wp-content\/uploads\/2017\/03\/6.Linija-za-obdelavo-pra\u0161i\u010dev.jpg alt=\"\" \/><div class=\"over\"><\/div><\/div><\/div><div class=\"slide\" idslika=\"7\"><div class=\"slid_wrap\"><div class=\"overlay70\"><p> Carcass cutting saw <\/p><\/div><img src= https:\/\/www.limos.si\/wp-content\/uploads\/2017\/03\/\u017daga-za-razrez-trupov-zabrisana.jpg alt=\"\" \/><div class=\"over\"><\/div><\/div><\/div><div class=\"slide\" idslika=\"8\"><div class=\"slid_wrap\"><div class=\"overlay70\"><p> Working platform <\/p><\/div><img src= https:\/\/www.limos.si\/wp-content\/uploads\/2017\/03\/Obdelovalni-podest.jpg alt=\"\" \/><div class=\"over\"><\/div><\/div><\/div><div class=\"slide\" idslika=\"\"><div class=\"slid_wrap\"><div class=\"overlay70\"><p> Saw sterilizer <\/p><\/div><img src= https:\/\/www.limos.si\/wp-content\/uploads\/2017\/03\/Sterilizator-\u017eage.jpg alt=\"\" \/><div class=\"over\"><\/div><\/div><\/div><\/div>\n<\/div><\/section>\n\n<\/div><\/div><\/div><!-- close content main div --><\/div><\/div><div id='center_other' class='avia-section alternate_color avia-section-no-padding avia-no-border-styling avia-bg-style-scroll   container_wrap fullsize'   ><div class='container' ><div class='template-page content  av-content-full alpha units'><div class='post-entry post-entry-type-page post-entry-1965'><div class='entry-content-wrapper clearfix'>\n<div class='flex_column_table av-equal-height-column-flextable' ><div class=\"flex_column av_one_half  no_margin flex_column_table_cell av-equal-height-column av-align-top first  polovica \" style='padding:45px 50px 45px 50px ; background-color:#3d3d3d; border-radius:0px; '><section class=\"av_textblock_section\"  itemscope=\"itemscope\" itemtype=\"https:\/\/schema.org\/CreativeWork\" ><div class='avia_textblock '  style='font-size:17px; '  itemprop=\"text\" ><h2><span style=\"color: #ffc42d;\">Meat Processing Conveyor<\/span><\/h2>\n<p><span style=\"color: #ffffff;\"><span style=\"font-weight: 400;\">During the processing of carcasses, a post-mortem veterinary inspection and a series of operations are performed to remove the offal, thoracic organs, flare fat, diaphragm, spine and head. The processing is performed on working platforms, which can be either fixed or adjustable. Both types ensure the maximum ergonomic support. All the working platforms have built-in sanitary equipment to ensure hygiene of workers and equipment.<\/span><\/span><\/p>\n<p><span style=\"color: #ffffff;\"> <span style=\"font-weight: 400;\">The traceability of internal organs during transport is guaranteed, enabling us to determine which internal organs belong to which carcass. <\/span><span style=\"font-weight: 400;\">. Should the inspection reveal any medical irregularities, both the carcass and its internal organs are removed from the processing conveyor. The removal of carcasses and their internal organs, as well as transport to the work station for separating and cleaning, is completely automated.<\/span><\/span><\/p>\n<\/div><\/section><\/div><div class=\"flex_column av_one_half  no_margin flex_column_table_cell av-equal-height-column av-align-top   polovica \" style='padding:45px 60px 10px 60px ; background-color:#ebebeb; border-radius:0px; '><section class=\"av_textblock_section\"  itemscope=\"itemscope\" itemtype=\"https:\/\/schema.org\/CreativeWork\" ><div class='avia_textblock LP_text'  style='font-size:17px; '  itemprop=\"text\" ><h2><span style=\"color: #3d3d3d;\">Highlighted Features<\/span><\/h2>\n<ul>\n<li><span style=\"color: #3d3d3d;\">Height adjustment of the working platforms to ensure the maximum ergonomic support.<\/span><\/li>\n<li><span style=\"color: #3d3d3d;\">Working platforms are made out of stainless materials.<\/span><\/li>\n<li><span style=\"color: #3d3d3d;\">Synchronisation of carcass and organ transporters.<\/span><\/li>\n<li><span style=\"color: #3d3d3d;\">Automatic removal of internal organs or carcasses that are non-compliant with health regulations.<\/span><\/li>\n<li><span style=\"color: #3d3d3d;\">Optional vacuum waste removal.<\/span><\/li>\n<li><span style=\"color: #3d3d3d;\">Built-in sanitary equipment on all working platforms.<\/span><\/li>\n<\/ul>\n<\/div><\/section><\/div><\/div><!--close column table wrapper. Autoclose:  --><\/div><\/div><\/div><!-- close content main div --><\/div><\/div><div id='bottom' class='avia-section main_color avia-section-default avia-no-border-styling avia-bg-style-scroll   av-minimum-height av-minimum-height-custom container_wrap fullsize' style = 'background-color: #364c9d; background-color: #364c9d; '  ><div class='container' style='height:248px'><div class='template-page content  av-content-full alpha units'><div class='post-entry post-entry-type-page post-entry-1965'><div class='entry-content-wrapper clearfix'>\n<div class=\"flex_column av_three_fifth  flex_column_div av-zero-column-padding first  polovica \" style='border-radius:0px; '><section class=\"av_textblock_section\"  itemscope=\"itemscope\" itemtype=\"https:\/\/schema.org\/CreativeWork\" ><div class='avia_textblock bottom_text'   itemprop=\"text\" ><h2 style=\"text-align: right;\"><span style=\"color: #ffffff;\">Do you have any specific requests? Want to know more about our offer?<\/span><\/h2>\n<\/div><\/section><\/div><div class=\"flex_column av_two_fifth  flex_column_div av-zero-column-padding   kontaktirajte polovica kontakt_en \" style='border-width:2px; border-color:#ffc42d; border-style:solid; background-color:rgba(255,196,45,0.01); border-radius:0px; '><section class=\"av_textblock_section\"  itemscope=\"itemscope\" itemtype=\"https:\/\/schema.org\/CreativeWork\" ><div class='avia_textblock  av_inherit_color'  style='font-size:18px; '  itemprop=\"text\" ><p style=\"text-align: center;\"><strong><a href=\"https:\/\/www.limos.si\/en\/contact\/\">CONTACT US<\/a><\/strong><\/p>\n<\/div><\/section><\/div>\n<\/p>\n","protected":false},"excerpt":{"rendered":"","protected":false},"author":1,"featured_media":178,"parent":1960,"menu_order":4,"comment_status":"closed","ping_status":"closed","template":"","meta":{"footnotes":"","_links_to":"","_links_to_target":""},"_links":{"self":[{"href":"https:\/\/www.limos.si\/en\/wp-json\/wp\/v2\/pages\/1965"}],"collection":[{"href":"https:\/\/www.limos.si\/en\/wp-json\/wp\/v2\/pages"}],"about":[{"href":"https:\/\/www.limos.si\/en\/wp-json\/wp\/v2\/types\/page"}],"author":[{"embeddable":true,"href":"https:\/\/www.limos.si\/en\/wp-json\/wp\/v2\/users\/1"}],"replies":[{"embeddable":true,"href":"https:\/\/www.limos.si\/en\/wp-json\/wp\/v2\/comments?post=1965"}],"version-history":[{"count":15,"href":"https:\/\/www.limos.si\/en\/wp-json\/wp\/v2\/pages\/1965\/revisions"}],"predecessor-version":[{"id":4458,"href":"https:\/\/www.limos.si\/en\/wp-json\/wp\/v2\/pages\/1965\/revisions\/4458"}],"up":[{"embeddable":true,"href":"https:\/\/www.limos.si\/en\/wp-json\/wp\/v2\/pages\/1960"}],"wp:featuredmedia":[{"embeddable":true,"href":"https:\/\/www.limos.si\/en\/wp-json\/wp\/v2\/media\/178"}],"wp:attachment":[{"href":"https:\/\/www.limos.si\/en\/wp-json\/wp\/v2\/media?parent=1965"}],"curies":[{"name":"wp","href":"https:\/\/api.w.org\/{rel}","templated":true}]}}